{"id":67,"date":"2021-07-13T22:41:04","date_gmt":"2021-07-13T20:41:04","guid":{"rendered":"https:\/\/pfadfinther.de\/v1\/?page_id=67"},"modified":"2024-01-19T12:23:31","modified_gmt":"2024-01-19T11:23:31","slug":"sommerlager","status":"publish","type":"page","link":"https:\/\/pfadfinther.de\/v1\/sommerlager\/","title":{"rendered":"Sommerlager"},"content":{"rendered":"\n<p>Das Sommerlager ist jedes Jahr <strong>das <\/strong>Lager f\u00fcr die Stufen W\u00f6lflinge bis Rover unseres Stammes, hier f\u00e4hrt der gesamte Stamm &#8211; von jung bis alt eine Woche lang (oder manchmal auch l\u00e4nger)  auf einen Lagerplatz im In- oder Ausland. Meist gibt es Stufenzelte f\u00fcr M\u00e4dchen und Jungen getrennt, dies richtet sich jedoch auch nach den W\u00fcnschen der Kinder und Jugendlichen. Die Versorgung mit Essen wird meist ebenfalls in der Gesamtgruppe erledigt. Das Lagerleben ist eine gemeinsame Aufgabe und alle tragen ihren Teil dazu bei z.B. beim Geschirr sp\u00fclen, Essen vorbereiten, Feuer machen, Holz sammeln u.va. Die Kinder und Jugendlichen werden in der Vorbereitung aktiv einbezogen, k\u00f6nnen z.B. ein Thema ausw\u00e4hlen oder das Programm mitgestalten. Das Zeltlager bietet M\u00f6glichkeiten die anderen Kinder\/ Jugendlichen der anderen Gruppen kennen zu lernen und von ihnen zu lernen. <\/p>\n\n\n\n<p>Ein Di\u00f6zesan- oder Bezirkslager ist meist mit anderen St\u00e4mmen gemeinsam im Zeltlager zu sein. Dies bringt unterschiedliche Stammeskulturen und Traditionen in das Lagerleben mit rein und bedeutet f\u00fcr die Kinder und Jugendliche Kontakte \u00fcber ihre Stammesgrenzen hinaus kn\u00fcpfen zu k\u00f6nnen. Di\u00f6zesan- oder Bezirkslager finden nur selten statt und sind meist eine gro\u00dfartige und reichhaltige Erfahrung im Pfadfinderleben. <\/p>\n\n\n\n<p>Zelten, Treffen anderer Pfadfinderinnen und Pfadfinder und erleben von Abenteuern stehen im Vordergrund!<\/p>\n\n\n\n<p>Sommerlagertermine:<br>04. bis 11.08.2024 &#8211; Stammessommerlager<br>08. bis 17.07.2025 &#8211; Di\u00f6zesanlager in Immenhausen<\/p>\n","protected":false},"excerpt":{"rendered":"<p>Das Sommerlager ist jedes Jahr das Lager f\u00fcr die Stufen W\u00f6lflinge bis Rover unseres Stammes, hier f\u00e4hrt der gesamte Stamm &#8211; von jung bis alt eine Woche lang (oder manchmal auch l\u00e4nger) auf einen Lagerplatz im In- oder Ausland. Meist gibt es Stufenzelte f\u00fcr M\u00e4dchen und Jungen getrennt, dies richtet sich jedoch auch nach den&#8230;<\/p>\n","protected":false},"author":3,"featured_media":0,"parent":0,"menu_order":0,"comment_status":"closed","ping_status":"closed","template":"","meta":{"footnotes":""},"class_list":["post-67","page","type-page","status-publish","hentry"],"yoast_head":"<!-- This site is optimized with the Yoast SEO plugin v27.5 - https:\/\/yoast.com\/product\/yoast-seo-wordpress\/ -->\n<title>Sommerlager - DPSG Mainz-Finthen<\/title>\n<meta name=\"robots\" content=\"index, follow, max-snippet:-1, max-image-preview:large, max-video-preview:-1\" \/>\n<link rel=\"canonical\" href=\"https:\/\/pfadfinther.de\/v1\/sommerlager\/\" \/>\n<meta property=\"og:locale\" content=\"de_DE\" \/>\n<meta property=\"og:type\" content=\"article\" \/>\n<meta property=\"og:title\" content=\"Sommerlager - DPSG Mainz-Finthen\" \/>\n<meta property=\"og:description\" content=\"Das Sommerlager ist jedes Jahr das Lager f\u00fcr die Stufen W\u00f6lflinge bis Rover unseres Stammes, hier f\u00e4hrt der gesamte Stamm &#8211; von jung bis alt eine Woche lang (oder manchmal auch l\u00e4nger) auf einen Lagerplatz im In- oder Ausland. Meist gibt es Stufenzelte f\u00fcr M\u00e4dchen und Jungen getrennt, dies richtet sich jedoch auch nach den...\" \/>\n<meta property=\"og:url\" content=\"https:\/\/pfadfinther.de\/v1\/sommerlager\/\" \/>\n<meta property=\"og:site_name\" content=\"DPSG Mainz-Finthen\" \/>\n<meta property=\"article:modified_time\" content=\"2024-01-19T11:23:31+00:00\" \/>\n<meta name=\"twitter:card\" content=\"summary_large_image\" \/>\n<meta name=\"twitter:label1\" content=\"Gesch\u00e4tzte Lesezeit\" \/>\n\t<meta name=\"twitter:data1\" content=\"1\u00a0Minute\" \/>\n<script type=\"application\/ld+json\" class=\"yoast-schema-graph\">{\"@context\":\"https:\\\/\\\/schema.org\",\"@graph\":[{\"@type\":\"WebPage\",\"@id\":\"https:\\\/\\\/pfadfinther.de\\\/v1\\\/sommerlager\\\/\",\"url\":\"https:\\\/\\\/pfadfinther.de\\\/v1\\\/sommerlager\\\/\",\"name\":\"Sommerlager - DPSG Mainz-Finthen\",\"isPartOf\":{\"@id\":\"https:\\\/\\\/pfadfinther.de\\\/v1\\\/#website\"},\"datePublished\":\"2021-07-13T20:41:04+00:00\",\"dateModified\":\"2024-01-19T11:23:31+00:00\",\"breadcrumb\":{\"@id\":\"https:\\\/\\\/pfadfinther.de\\\/v1\\\/sommerlager\\\/#breadcrumb\"},\"inLanguage\":\"de\",\"potentialAction\":[{\"@type\":\"ReadAction\",\"target\":[\"https:\\\/\\\/pfadfinther.de\\\/v1\\\/sommerlager\\\/\"]}]},{\"@type\":\"BreadcrumbList\",\"@id\":\"https:\\\/\\\/pfadfinther.de\\\/v1\\\/sommerlager\\\/#breadcrumb\",\"itemListElement\":[{\"@type\":\"ListItem\",\"position\":1,\"name\":\"Startseite\",\"item\":\"https:\\\/\\\/pfadfinther.de\\\/v1\\\/\"},{\"@type\":\"ListItem\",\"position\":2,\"name\":\"Sommerlager\"}]},{\"@type\":\"WebSite\",\"@id\":\"https:\\\/\\\/pfadfinther.de\\\/v1\\\/#website\",\"url\":\"https:\\\/\\\/pfadfinther.de\\\/v1\\\/\",\"name\":\"DPSG Mainz-Finthen\",\"description\":\"Pfadfinder Finthen Stamm Bruder Franz\",\"publisher\":{\"@id\":\"https:\\\/\\\/pfadfinther.de\\\/v1\\\/#organization\"},\"potentialAction\":[{\"@type\":\"SearchAction\",\"target\":{\"@type\":\"EntryPoint\",\"urlTemplate\":\"https:\\\/\\\/pfadfinther.de\\\/v1\\\/?s={search_term_string}\"},\"query-input\":{\"@type\":\"PropertyValueSpecification\",\"valueRequired\":true,\"valueName\":\"search_term_string\"}}],\"inLanguage\":\"de\"},{\"@type\":\"Organization\",\"@id\":\"https:\\\/\\\/pfadfinther.de\\\/v1\\\/#organization\",\"name\":\"DPSG Mainz-Finthen - Pfadfinther\",\"alternateName\":\"Pfadfinder Finthen Stamm Bruder Franz\",\"url\":\"https:\\\/\\\/pfadfinther.de\\\/v1\\\/\",\"logo\":{\"@type\":\"ImageObject\",\"inLanguage\":\"de\",\"@id\":\"https:\\\/\\\/pfadfinther.de\\\/v1\\\/#\\\/schema\\\/logo\\\/image\\\/\",\"url\":\"https:\\\/\\\/pfadfinther.de\\\/v1\\\/wp-content\\\/uploads\\\/2023\\\/09\\\/Stammeslogo_bearbeitet.jpg\",\"contentUrl\":\"https:\\\/\\\/pfadfinther.de\\\/v1\\\/wp-content\\\/uploads\\\/2023\\\/09\\\/Stammeslogo_bearbeitet.jpg\",\"width\":761,\"height\":747,\"caption\":\"DPSG Mainz-Finthen - Pfadfinther\"},\"image\":{\"@id\":\"https:\\\/\\\/pfadfinther.de\\\/v1\\\/#\\\/schema\\\/logo\\\/image\\\/\"},\"sameAs\":[\"https:\\\/\\\/www.instagram.com\\\/pfadfinther\\\/\"]}]}<\/script>\n<!-- \/ Yoast SEO plugin. -->","yoast_head_json":{"title":"Sommerlager - DPSG Mainz-Finthen","robots":{"index":"index","follow":"follow","max-snippet":"max-snippet:-1","max-image-preview":"max-image-preview:large","max-video-preview":"max-video-preview:-1"},"canonical":"https:\/\/pfadfinther.de\/v1\/sommerlager\/","og_locale":"de_DE","og_type":"article","og_title":"Sommerlager - DPSG Mainz-Finthen","og_description":"Das Sommerlager ist jedes Jahr das Lager f\u00fcr die Stufen W\u00f6lflinge bis Rover unseres Stammes, hier f\u00e4hrt der gesamte Stamm &#8211; von jung bis alt eine Woche lang (oder manchmal auch l\u00e4nger) auf einen Lagerplatz im In- oder Ausland. Meist gibt es Stufenzelte f\u00fcr M\u00e4dchen und Jungen getrennt, dies richtet sich jedoch auch nach den...","og_url":"https:\/\/pfadfinther.de\/v1\/sommerlager\/","og_site_name":"DPSG Mainz-Finthen","article_modified_time":"2024-01-19T11:23:31+00:00","twitter_card":"summary_large_image","twitter_misc":{"Gesch\u00e4tzte Lesezeit":"1\u00a0Minute"},"schema":{"@context":"https:\/\/schema.org","@graph":[{"@type":"WebPage","@id":"https:\/\/pfadfinther.de\/v1\/sommerlager\/","url":"https:\/\/pfadfinther.de\/v1\/sommerlager\/","name":"Sommerlager - DPSG Mainz-Finthen","isPartOf":{"@id":"https:\/\/pfadfinther.de\/v1\/#website"},"datePublished":"2021-07-13T20:41:04+00:00","dateModified":"2024-01-19T11:23:31+00:00","breadcrumb":{"@id":"https:\/\/pfadfinther.de\/v1\/sommerlager\/#breadcrumb"},"inLanguage":"de","potentialAction":[{"@type":"ReadAction","target":["https:\/\/pfadfinther.de\/v1\/sommerlager\/"]}]},{"@type":"BreadcrumbList","@id":"https:\/\/pfadfinther.de\/v1\/sommerlager\/#breadcrumb","itemListElement":[{"@type":"ListItem","position":1,"name":"Startseite","item":"https:\/\/pfadfinther.de\/v1\/"},{"@type":"ListItem","position":2,"name":"Sommerlager"}]},{"@type":"WebSite","@id":"https:\/\/pfadfinther.de\/v1\/#website","url":"https:\/\/pfadfinther.de\/v1\/","name":"DPSG Mainz-Finthen","description":"Pfadfinder Finthen Stamm Bruder Franz","publisher":{"@id":"https:\/\/pfadfinther.de\/v1\/#organization"},"potentialAction":[{"@type":"SearchAction","target":{"@type":"EntryPoint","urlTemplate":"https:\/\/pfadfinther.de\/v1\/?s={search_term_string}"},"query-input":{"@type":"PropertyValueSpecification","valueRequired":true,"valueName":"search_term_string"}}],"inLanguage":"de"},{"@type":"Organization","@id":"https:\/\/pfadfinther.de\/v1\/#organization","name":"DPSG Mainz-Finthen - Pfadfinther","alternateName":"Pfadfinder Finthen Stamm Bruder Franz","url":"https:\/\/pfadfinther.de\/v1\/","logo":{"@type":"ImageObject","inLanguage":"de","@id":"https:\/\/pfadfinther.de\/v1\/#\/schema\/logo\/image\/","url":"https:\/\/pfadfinther.de\/v1\/wp-content\/uploads\/2023\/09\/Stammeslogo_bearbeitet.jpg","contentUrl":"https:\/\/pfadfinther.de\/v1\/wp-content\/uploads\/2023\/09\/Stammeslogo_bearbeitet.jpg","width":761,"height":747,"caption":"DPSG Mainz-Finthen - Pfadfinther"},"image":{"@id":"https:\/\/pfadfinther.de\/v1\/#\/schema\/logo\/image\/"},"sameAs":["https:\/\/www.instagram.com\/pfadfinther\/"]}]}},"_links":{"self":[{"href":"https:\/\/pfadfinther.de\/v1\/wp-json\/wp\/v2\/pages\/67","targetHints":{"allow":["GET"]}}],"collection":[{"href":"https:\/\/pfadfinther.de\/v1\/wp-json\/wp\/v2\/pages"}],"about":[{"href":"https:\/\/pfadfinther.de\/v1\/wp-json\/wp\/v2\/types\/page"}],"author":[{"embeddable":true,"href":"https:\/\/pfadfinther.de\/v1\/wp-json\/wp\/v2\/users\/3"}],"replies":[{"embeddable":true,"href":"https:\/\/pfadfinther.de\/v1\/wp-json\/wp\/v2\/comments?post=67"}],"version-history":[{"count":6,"href":"https:\/\/pfadfinther.de\/v1\/wp-json\/wp\/v2\/pages\/67\/revisions"}],"predecessor-version":[{"id":241,"href":"https:\/\/pfadfinther.de\/v1\/wp-json\/wp\/v2\/pages\/67\/revisions\/241"}],"wp:attachment":[{"href":"https:\/\/pfadfinther.de\/v1\/wp-json\/wp\/v2\/media?parent=67"}],"curies":[{"name":"wp","href":"https:\/\/api.w.org\/{rel}","templated":true}]}}