{"id":64,"date":"2021-07-13T22:40:46","date_gmt":"2021-07-13T20:40:46","guid":{"rendered":"https:\/\/pfadfinther.de\/v1\/?page_id=64"},"modified":"2023-12-13T22:06:20","modified_gmt":"2023-12-13T21:06:20","slug":"adventsmarkt","status":"publish","type":"page","link":"https:\/\/pfadfinther.de\/v1\/adventsmarkt\/","title":{"rendered":"Adventsmarkt"},"content":{"rendered":"\n<p>Der Adventsmarkt findet stets am Samstag des 1. Advents direkt vor unserem Truppheim, rund um die katholische Kirche St. Martin statt.<\/p>\n\n\n\n<p>In einer Superjurte mit 8m Durchmesser bieten wir selbstgebackene Pl\u00e4tzchen, Marmeladen und ein gro\u00dfes warmes Feuer mittem im Zelt an!<\/p>\n\n\n\n<p><\/p>\n\n\n\n<p>Der n\u00e4chste Adventsmarkt findet am 30.11.2024 statt.<\/p>\n\n\n\n<p>Weitere Details zum Markt finden sich auf: <a href=\"http:\/\/www.finther-adventsmarkt.de\" data-type=\"link\" data-id=\"http:\/\/www.finther-adventsmarkt.de\">http:\/\/www.finther-adventsmarkt.de<\/a><\/p>\n","protected":false},"excerpt":{"rendered":"<p>Der Adventsmarkt findet stets am Samstag des 1. Advents direkt vor unserem Truppheim, rund um die katholische Kirche St. Martin statt. In einer Superjurte mit 8m Durchmesser bieten wir selbstgebackene Pl\u00e4tzchen, Marmeladen und ein gro\u00dfes warmes Feuer mittem im Zelt an! Der n\u00e4chste Adventsmarkt findet am 30.11.2024 statt. Weitere Details zum Markt finden sich auf:&#8230;<\/p>\n","protected":false},"author":1,"featured_media":0,"parent":0,"menu_order":0,"comment_status":"closed","ping_status":"closed","template":"","meta":{"footnotes":""},"class_list":["post-64","page","type-page","status-publish","hentry"],"yoast_head":"<!-- This site is optimized with the Yoast SEO plugin v27.5 - https:\/\/yoast.com\/product\/yoast-seo-wordpress\/ -->\n<title>Adventsmarkt - DPSG Mainz-Finthen<\/title>\n<meta name=\"robots\" content=\"index, follow, max-snippet:-1, max-image-preview:large, max-video-preview:-1\" \/>\n<link rel=\"canonical\" href=\"https:\/\/pfadfinther.de\/v1\/adventsmarkt\/\" \/>\n<meta property=\"og:locale\" content=\"de_DE\" \/>\n<meta property=\"og:type\" content=\"article\" \/>\n<meta property=\"og:title\" content=\"Adventsmarkt - DPSG Mainz-Finthen\" \/>\n<meta property=\"og:description\" content=\"Der Adventsmarkt findet stets am Samstag des 1. Advents direkt vor unserem Truppheim, rund um die katholische Kirche St. Martin statt. In einer Superjurte mit 8m Durchmesser bieten wir selbstgebackene Pl\u00e4tzchen, Marmeladen und ein gro\u00dfes warmes Feuer mittem im Zelt an! Der n\u00e4chste Adventsmarkt findet am 30.11.2024 statt. Weitere Details zum Markt finden sich auf:...\" \/>\n<meta property=\"og:url\" content=\"https:\/\/pfadfinther.de\/v1\/adventsmarkt\/\" \/>\n<meta property=\"og:site_name\" content=\"DPSG Mainz-Finthen\" \/>\n<meta property=\"article:modified_time\" content=\"2023-12-13T21:06:20+00:00\" \/>\n<meta name=\"twitter:card\" content=\"summary_large_image\" \/>\n<script type=\"application\/ld+json\" class=\"yoast-schema-graph\">{\"@context\":\"https:\\\/\\\/schema.org\",\"@graph\":[{\"@type\":\"WebPage\",\"@id\":\"https:\\\/\\\/pfadfinther.de\\\/v1\\\/adventsmarkt\\\/\",\"url\":\"https:\\\/\\\/pfadfinther.de\\\/v1\\\/adventsmarkt\\\/\",\"name\":\"Adventsmarkt - DPSG Mainz-Finthen\",\"isPartOf\":{\"@id\":\"https:\\\/\\\/pfadfinther.de\\\/v1\\\/#website\"},\"datePublished\":\"2021-07-13T20:40:46+00:00\",\"dateModified\":\"2023-12-13T21:06:20+00:00\",\"breadcrumb\":{\"@id\":\"https:\\\/\\\/pfadfinther.de\\\/v1\\\/adventsmarkt\\\/#breadcrumb\"},\"inLanguage\":\"de\",\"potentialAction\":[{\"@type\":\"ReadAction\",\"target\":[\"https:\\\/\\\/pfadfinther.de\\\/v1\\\/adventsmarkt\\\/\"]}]},{\"@type\":\"BreadcrumbList\",\"@id\":\"https:\\\/\\\/pfadfinther.de\\\/v1\\\/adventsmarkt\\\/#breadcrumb\",\"itemListElement\":[{\"@type\":\"ListItem\",\"position\":1,\"name\":\"Startseite\",\"item\":\"https:\\\/\\\/pfadfinther.de\\\/v1\\\/\"},{\"@type\":\"ListItem\",\"position\":2,\"name\":\"Adventsmarkt\"}]},{\"@type\":\"WebSite\",\"@id\":\"https:\\\/\\\/pfadfinther.de\\\/v1\\\/#website\",\"url\":\"https:\\\/\\\/pfadfinther.de\\\/v1\\\/\",\"name\":\"DPSG Mainz-Finthen\",\"description\":\"Pfadfinder Finthen Stamm Bruder Franz\",\"publisher\":{\"@id\":\"https:\\\/\\\/pfadfinther.de\\\/v1\\\/#organization\"},\"potentialAction\":[{\"@type\":\"SearchAction\",\"target\":{\"@type\":\"EntryPoint\",\"urlTemplate\":\"https:\\\/\\\/pfadfinther.de\\\/v1\\\/?s={search_term_string}\"},\"query-input\":{\"@type\":\"PropertyValueSpecification\",\"valueRequired\":true,\"valueName\":\"search_term_string\"}}],\"inLanguage\":\"de\"},{\"@type\":\"Organization\",\"@id\":\"https:\\\/\\\/pfadfinther.de\\\/v1\\\/#organization\",\"name\":\"DPSG Mainz-Finthen - Pfadfinther\",\"alternateName\":\"Pfadfinder Finthen Stamm Bruder Franz\",\"url\":\"https:\\\/\\\/pfadfinther.de\\\/v1\\\/\",\"logo\":{\"@type\":\"ImageObject\",\"inLanguage\":\"de\",\"@id\":\"https:\\\/\\\/pfadfinther.de\\\/v1\\\/#\\\/schema\\\/logo\\\/image\\\/\",\"url\":\"https:\\\/\\\/pfadfinther.de\\\/v1\\\/wp-content\\\/uploads\\\/2023\\\/09\\\/Stammeslogo_bearbeitet.jpg\",\"contentUrl\":\"https:\\\/\\\/pfadfinther.de\\\/v1\\\/wp-content\\\/uploads\\\/2023\\\/09\\\/Stammeslogo_bearbeitet.jpg\",\"width\":761,\"height\":747,\"caption\":\"DPSG Mainz-Finthen - Pfadfinther\"},\"image\":{\"@id\":\"https:\\\/\\\/pfadfinther.de\\\/v1\\\/#\\\/schema\\\/logo\\\/image\\\/\"},\"sameAs\":[\"https:\\\/\\\/www.instagram.com\\\/pfadfinther\\\/\"]}]}<\/script>\n<!-- \/ Yoast SEO plugin. -->","yoast_head_json":{"title":"Adventsmarkt - DPSG Mainz-Finthen","robots":{"index":"index","follow":"follow","max-snippet":"max-snippet:-1","max-image-preview":"max-image-preview:large","max-video-preview":"max-video-preview:-1"},"canonical":"https:\/\/pfadfinther.de\/v1\/adventsmarkt\/","og_locale":"de_DE","og_type":"article","og_title":"Adventsmarkt - DPSG Mainz-Finthen","og_description":"Der Adventsmarkt findet stets am Samstag des 1. Advents direkt vor unserem Truppheim, rund um die katholische Kirche St. Martin statt. In einer Superjurte mit 8m Durchmesser bieten wir selbstgebackene Pl\u00e4tzchen, Marmeladen und ein gro\u00dfes warmes Feuer mittem im Zelt an! Der n\u00e4chste Adventsmarkt findet am 30.11.2024 statt. Weitere Details zum Markt finden sich auf:...","og_url":"https:\/\/pfadfinther.de\/v1\/adventsmarkt\/","og_site_name":"DPSG Mainz-Finthen","article_modified_time":"2023-12-13T21:06:20+00:00","twitter_card":"summary_large_image","schema":{"@context":"https:\/\/schema.org","@graph":[{"@type":"WebPage","@id":"https:\/\/pfadfinther.de\/v1\/adventsmarkt\/","url":"https:\/\/pfadfinther.de\/v1\/adventsmarkt\/","name":"Adventsmarkt - DPSG Mainz-Finthen","isPartOf":{"@id":"https:\/\/pfadfinther.de\/v1\/#website"},"datePublished":"2021-07-13T20:40:46+00:00","dateModified":"2023-12-13T21:06:20+00:00","breadcrumb":{"@id":"https:\/\/pfadfinther.de\/v1\/adventsmarkt\/#breadcrumb"},"inLanguage":"de","potentialAction":[{"@type":"ReadAction","target":["https:\/\/pfadfinther.de\/v1\/adventsmarkt\/"]}]},{"@type":"BreadcrumbList","@id":"https:\/\/pfadfinther.de\/v1\/adventsmarkt\/#breadcrumb","itemListElement":[{"@type":"ListItem","position":1,"name":"Startseite","item":"https:\/\/pfadfinther.de\/v1\/"},{"@type":"ListItem","position":2,"name":"Adventsmarkt"}]},{"@type":"WebSite","@id":"https:\/\/pfadfinther.de\/v1\/#website","url":"https:\/\/pfadfinther.de\/v1\/","name":"DPSG Mainz-Finthen","description":"Pfadfinder Finthen Stamm Bruder Franz","publisher":{"@id":"https:\/\/pfadfinther.de\/v1\/#organization"},"potentialAction":[{"@type":"SearchAction","target":{"@type":"EntryPoint","urlTemplate":"https:\/\/pfadfinther.de\/v1\/?s={search_term_string}"},"query-input":{"@type":"PropertyValueSpecification","valueRequired":true,"valueName":"search_term_string"}}],"inLanguage":"de"},{"@type":"Organization","@id":"https:\/\/pfadfinther.de\/v1\/#organization","name":"DPSG Mainz-Finthen - Pfadfinther","alternateName":"Pfadfinder Finthen Stamm Bruder Franz","url":"https:\/\/pfadfinther.de\/v1\/","logo":{"@type":"ImageObject","inLanguage":"de","@id":"https:\/\/pfadfinther.de\/v1\/#\/schema\/logo\/image\/","url":"https:\/\/pfadfinther.de\/v1\/wp-content\/uploads\/2023\/09\/Stammeslogo_bearbeitet.jpg","contentUrl":"https:\/\/pfadfinther.de\/v1\/wp-content\/uploads\/2023\/09\/Stammeslogo_bearbeitet.jpg","width":761,"height":747,"caption":"DPSG Mainz-Finthen - Pfadfinther"},"image":{"@id":"https:\/\/pfadfinther.de\/v1\/#\/schema\/logo\/image\/"},"sameAs":["https:\/\/www.instagram.com\/pfadfinther\/"]}]}},"_links":{"self":[{"href":"https:\/\/pfadfinther.de\/v1\/wp-json\/wp\/v2\/pages\/64","targetHints":{"allow":["GET"]}}],"collection":[{"href":"https:\/\/pfadfinther.de\/v1\/wp-json\/wp\/v2\/pages"}],"about":[{"href":"https:\/\/pfadfinther.de\/v1\/wp-json\/wp\/v2\/types\/page"}],"author":[{"embeddable":true,"href":"https:\/\/pfadfinther.de\/v1\/wp-json\/wp\/v2\/users\/1"}],"replies":[{"embeddable":true,"href":"https:\/\/pfadfinther.de\/v1\/wp-json\/wp\/v2\/comments?post=64"}],"version-history":[{"count":5,"href":"https:\/\/pfadfinther.de\/v1\/wp-json\/wp\/v2\/pages\/64\/revisions"}],"predecessor-version":[{"id":210,"href":"https:\/\/pfadfinther.de\/v1\/wp-json\/wp\/v2\/pages\/64\/revisions\/210"}],"wp:attachment":[{"href":"https:\/\/pfadfinther.de\/v1\/wp-json\/wp\/v2\/media?parent=64"}],"curies":[{"name":"wp","href":"https:\/\/api.w.org\/{rel}","templated":true}]}}