{"id":25,"date":"2021-07-13T22:35:15","date_gmt":"2021-07-13T20:35:15","guid":{"rendered":"https:\/\/pfadfinther.de\/v1\/?page_id=25"},"modified":"2024-11-16T17:39:13","modified_gmt":"2024-11-16T16:39:13","slug":"termine","status":"publish","type":"page","link":"https:\/\/pfadfinther.de\/v1\/termine\/","title":{"rendered":"Termine"},"content":{"rendered":"\n<div class=\"wp-block-columns is-layout-flex wp-container-core-columns-is-layout-9d6595d7 wp-block-columns-is-layout-flex\">\n<div class=\"wp-block-column is-layout-flow wp-block-column-is-layout-flow\" style=\"flex-basis:100%\">\n<div class=\"wp-block-group\"><div class=\"wp-block-group__inner-container is-layout-constrained wp-block-group-is-layout-constrained\">\n<figure class=\"wp-block-table is-style-stripes\" style=\"font-size:15px\"><table class=\"has-fixed-layout\"><tbody><tr><td><strong>Aktion<\/strong><\/td><td class=\"has-text-align-left\" data-align=\"left\"><strong>Zeitraum<\/strong><\/td><td><strong>Ort<\/strong><\/td><td class=\"has-text-align-left\" data-align=\"left\"><strong>Besonderheiten<\/strong><\/td><\/tr><tr><td>Pl\u00e4tzchenbackaktion<\/td><td class=\"has-text-align-left\" data-align=\"left\">Freitag, 22.11.2024<br>16:30 Uhr<\/td><td>Truppheim, Borngasse 1<\/td><td class=\"has-text-align-left\" data-align=\"left\">Teige wie vereinbart mitbringen<\/td><\/tr><tr><td>Aufbau Superjurte f\u00fcr Adventsmarkt<\/td><td class=\"has-text-align-left\" data-align=\"left\">Freitag, 29.11.2024<br>17:30 Uhr<\/td><td>Truppheim, Borngasse 1<\/td><td class=\"has-text-align-left\" data-align=\"left\"><\/td><\/tr><tr><td>Adventsmarkt 2024<\/td><td class=\"has-text-align-left\" data-align=\"left\">Samstag, 30.11.2024<\/td><td>Truppheim, Borngasse 1<\/td><td class=\"has-text-align-left\" data-align=\"left\">Abbau Superjurte<br>ab 19:00 Uhr<\/td><\/tr><tr><td>Friedenslicht Aussendungsfeier<\/td><td class=\"has-text-align-left\" data-align=\"left\">Sonntag, 15.12.2024<br>15:00 Uhr<\/td><td>Mainzer Dom<\/td><td class=\"has-text-align-left\" data-align=\"left\">ggf. fr\u00fcheres Treffen um Pl\u00e4tze zu reservieren<\/td><\/tr><tr><td>Friedenslicht \u00dcbergabe an Bischof und Ministerpr\u00e4sident<\/td><td class=\"has-text-align-left\" data-align=\"left\">Montag, 16.12.2024<\/td><td>BO und Staatskanzlei<\/td><td class=\"has-text-align-left\" data-align=\"left\">Schulbefreiung m\u00f6glich<\/td><\/tr><tr><td>Friedenslicht Gottesdienst<\/td><td class=\"has-text-align-left\" data-align=\"left\">Sonntag, 22.12.2024<br>10:30 Uhr<\/td><td>St. Stephan, Gonsenheim<\/td><td class=\"has-text-align-left\" data-align=\"left\"><\/td><\/tr><tr><td>Sommerlager (Di\u00f6zesanlager) 2025<\/td><td class=\"has-text-align-left\" data-align=\"left\">08. &#8211; 17.07.2025<\/td><td>Immenhausen<\/td><td class=\"has-text-align-left\" data-align=\"left\"><\/td><\/tr><tr><td>Sommerlager 2026<\/td><td class=\"has-text-align-left\" data-align=\"left\">27.06. &#8211; 04.07.2026<\/td><td>Waldhambach<\/td><td class=\"has-text-align-left\" data-align=\"left\"><\/td><\/tr><\/tbody><\/table><\/figure>\n<\/div><\/div>\n<\/div>\n<\/div>\n","protected":false},"excerpt":{"rendered":"<p>Aktion Zeitraum Ort Besonderheiten Pl\u00e4tzchenbackaktion Freitag, 22.11.202416:30 Uhr Truppheim, Borngasse 1 Teige wie vereinbart mitbringen Aufbau Superjurte f\u00fcr Adventsmarkt Freitag, 29.11.202417:30 Uhr Truppheim, Borngasse 1 Adventsmarkt 2024 Samstag, 30.11.2024 Truppheim, Borngasse 1 Abbau Superjurteab 19:00 Uhr Friedenslicht Aussendungsfeier Sonntag, 15.12.202415:00 Uhr Mainzer Dom ggf. fr\u00fcheres Treffen um Pl\u00e4tze zu reservieren Friedenslicht \u00dcbergabe an Bischof und&#8230;<\/p>\n","protected":false},"author":1,"featured_media":0,"parent":0,"menu_order":0,"comment_status":"closed","ping_status":"closed","template":"","meta":{"footnotes":""},"class_list":["post-25","page","type-page","status-publish","hentry"],"yoast_head":"<!-- This site is optimized with the Yoast SEO plugin v27.5 - https:\/\/yoast.com\/product\/yoast-seo-wordpress\/ -->\n<title>Termine - DPSG Mainz-Finthen<\/title>\n<meta name=\"robots\" content=\"index, follow, max-snippet:-1, max-image-preview:large, max-video-preview:-1\" \/>\n<link rel=\"canonical\" href=\"https:\/\/pfadfinther.de\/v1\/termine\/\" \/>\n<meta property=\"og:locale\" content=\"de_DE\" \/>\n<meta property=\"og:type\" content=\"article\" \/>\n<meta property=\"og:title\" content=\"Termine - DPSG Mainz-Finthen\" \/>\n<meta property=\"og:description\" content=\"Aktion Zeitraum Ort Besonderheiten Pl\u00e4tzchenbackaktion Freitag, 22.11.202416:30 Uhr Truppheim, Borngasse 1 Teige wie vereinbart mitbringen Aufbau Superjurte f\u00fcr Adventsmarkt Freitag, 29.11.202417:30 Uhr Truppheim, Borngasse 1 Adventsmarkt 2024 Samstag, 30.11.2024 Truppheim, Borngasse 1 Abbau Superjurteab 19:00 Uhr Friedenslicht Aussendungsfeier Sonntag, 15.12.202415:00 Uhr Mainzer Dom ggf. fr\u00fcheres Treffen um Pl\u00e4tze zu reservieren Friedenslicht \u00dcbergabe an Bischof und...\" \/>\n<meta property=\"og:url\" content=\"https:\/\/pfadfinther.de\/v1\/termine\/\" \/>\n<meta property=\"og:site_name\" content=\"DPSG Mainz-Finthen\" \/>\n<meta property=\"article:modified_time\" content=\"2024-11-16T16:39:13+00:00\" \/>\n<meta name=\"twitter:card\" content=\"summary_large_image\" \/>\n<meta name=\"twitter:label1\" content=\"Gesch\u00e4tzte Lesezeit\" \/>\n\t<meta name=\"twitter:data1\" content=\"1\u00a0Minute\" \/>\n<script type=\"application\/ld+json\" class=\"yoast-schema-graph\">{\"@context\":\"https:\\\/\\\/schema.org\",\"@graph\":[{\"@type\":\"WebPage\",\"@id\":\"https:\\\/\\\/pfadfinther.de\\\/v1\\\/termine\\\/\",\"url\":\"https:\\\/\\\/pfadfinther.de\\\/v1\\\/termine\\\/\",\"name\":\"Termine - DPSG Mainz-Finthen\",\"isPartOf\":{\"@id\":\"https:\\\/\\\/pfadfinther.de\\\/v1\\\/#website\"},\"datePublished\":\"2021-07-13T20:35:15+00:00\",\"dateModified\":\"2024-11-16T16:39:13+00:00\",\"breadcrumb\":{\"@id\":\"https:\\\/\\\/pfadfinther.de\\\/v1\\\/termine\\\/#breadcrumb\"},\"inLanguage\":\"de\",\"potentialAction\":[{\"@type\":\"ReadAction\",\"target\":[\"https:\\\/\\\/pfadfinther.de\\\/v1\\\/termine\\\/\"]}]},{\"@type\":\"BreadcrumbList\",\"@id\":\"https:\\\/\\\/pfadfinther.de\\\/v1\\\/termine\\\/#breadcrumb\",\"itemListElement\":[{\"@type\":\"ListItem\",\"position\":1,\"name\":\"Startseite\",\"item\":\"https:\\\/\\\/pfadfinther.de\\\/v1\\\/\"},{\"@type\":\"ListItem\",\"position\":2,\"name\":\"Termine\"}]},{\"@type\":\"WebSite\",\"@id\":\"https:\\\/\\\/pfadfinther.de\\\/v1\\\/#website\",\"url\":\"https:\\\/\\\/pfadfinther.de\\\/v1\\\/\",\"name\":\"DPSG Mainz-Finthen\",\"description\":\"Pfadfinder Finthen Stamm Bruder Franz\",\"publisher\":{\"@id\":\"https:\\\/\\\/pfadfinther.de\\\/v1\\\/#organization\"},\"potentialAction\":[{\"@type\":\"SearchAction\",\"target\":{\"@type\":\"EntryPoint\",\"urlTemplate\":\"https:\\\/\\\/pfadfinther.de\\\/v1\\\/?s={search_term_string}\"},\"query-input\":{\"@type\":\"PropertyValueSpecification\",\"valueRequired\":true,\"valueName\":\"search_term_string\"}}],\"inLanguage\":\"de\"},{\"@type\":\"Organization\",\"@id\":\"https:\\\/\\\/pfadfinther.de\\\/v1\\\/#organization\",\"name\":\"DPSG Mainz-Finthen - Pfadfinther\",\"alternateName\":\"Pfadfinder Finthen Stamm Bruder Franz\",\"url\":\"https:\\\/\\\/pfadfinther.de\\\/v1\\\/\",\"logo\":{\"@type\":\"ImageObject\",\"inLanguage\":\"de\",\"@id\":\"https:\\\/\\\/pfadfinther.de\\\/v1\\\/#\\\/schema\\\/logo\\\/image\\\/\",\"url\":\"https:\\\/\\\/pfadfinther.de\\\/v1\\\/wp-content\\\/uploads\\\/2023\\\/09\\\/Stammeslogo_bearbeitet.jpg\",\"contentUrl\":\"https:\\\/\\\/pfadfinther.de\\\/v1\\\/wp-content\\\/uploads\\\/2023\\\/09\\\/Stammeslogo_bearbeitet.jpg\",\"width\":761,\"height\":747,\"caption\":\"DPSG Mainz-Finthen - Pfadfinther\"},\"image\":{\"@id\":\"https:\\\/\\\/pfadfinther.de\\\/v1\\\/#\\\/schema\\\/logo\\\/image\\\/\"},\"sameAs\":[\"https:\\\/\\\/www.instagram.com\\\/pfadfinther\\\/\"]}]}<\/script>\n<!-- \/ Yoast SEO plugin. -->","yoast_head_json":{"title":"Termine - DPSG Mainz-Finthen","robots":{"index":"index","follow":"follow","max-snippet":"max-snippet:-1","max-image-preview":"max-image-preview:large","max-video-preview":"max-video-preview:-1"},"canonical":"https:\/\/pfadfinther.de\/v1\/termine\/","og_locale":"de_DE","og_type":"article","og_title":"Termine - DPSG Mainz-Finthen","og_description":"Aktion Zeitraum Ort Besonderheiten Pl\u00e4tzchenbackaktion Freitag, 22.11.202416:30 Uhr Truppheim, Borngasse 1 Teige wie vereinbart mitbringen Aufbau Superjurte f\u00fcr Adventsmarkt Freitag, 29.11.202417:30 Uhr Truppheim, Borngasse 1 Adventsmarkt 2024 Samstag, 30.11.2024 Truppheim, Borngasse 1 Abbau Superjurteab 19:00 Uhr Friedenslicht Aussendungsfeier Sonntag, 15.12.202415:00 Uhr Mainzer Dom ggf. fr\u00fcheres Treffen um Pl\u00e4tze zu reservieren Friedenslicht \u00dcbergabe an Bischof und...","og_url":"https:\/\/pfadfinther.de\/v1\/termine\/","og_site_name":"DPSG Mainz-Finthen","article_modified_time":"2024-11-16T16:39:13+00:00","twitter_card":"summary_large_image","twitter_misc":{"Gesch\u00e4tzte Lesezeit":"1\u00a0Minute"},"schema":{"@context":"https:\/\/schema.org","@graph":[{"@type":"WebPage","@id":"https:\/\/pfadfinther.de\/v1\/termine\/","url":"https:\/\/pfadfinther.de\/v1\/termine\/","name":"Termine - DPSG Mainz-Finthen","isPartOf":{"@id":"https:\/\/pfadfinther.de\/v1\/#website"},"datePublished":"2021-07-13T20:35:15+00:00","dateModified":"2024-11-16T16:39:13+00:00","breadcrumb":{"@id":"https:\/\/pfadfinther.de\/v1\/termine\/#breadcrumb"},"inLanguage":"de","potentialAction":[{"@type":"ReadAction","target":["https:\/\/pfadfinther.de\/v1\/termine\/"]}]},{"@type":"BreadcrumbList","@id":"https:\/\/pfadfinther.de\/v1\/termine\/#breadcrumb","itemListElement":[{"@type":"ListItem","position":1,"name":"Startseite","item":"https:\/\/pfadfinther.de\/v1\/"},{"@type":"ListItem","position":2,"name":"Termine"}]},{"@type":"WebSite","@id":"https:\/\/pfadfinther.de\/v1\/#website","url":"https:\/\/pfadfinther.de\/v1\/","name":"DPSG Mainz-Finthen","description":"Pfadfinder Finthen Stamm Bruder Franz","publisher":{"@id":"https:\/\/pfadfinther.de\/v1\/#organization"},"potentialAction":[{"@type":"SearchAction","target":{"@type":"EntryPoint","urlTemplate":"https:\/\/pfadfinther.de\/v1\/?s={search_term_string}"},"query-input":{"@type":"PropertyValueSpecification","valueRequired":true,"valueName":"search_term_string"}}],"inLanguage":"de"},{"@type":"Organization","@id":"https:\/\/pfadfinther.de\/v1\/#organization","name":"DPSG Mainz-Finthen - Pfadfinther","alternateName":"Pfadfinder Finthen Stamm Bruder Franz","url":"https:\/\/pfadfinther.de\/v1\/","logo":{"@type":"ImageObject","inLanguage":"de","@id":"https:\/\/pfadfinther.de\/v1\/#\/schema\/logo\/image\/","url":"https:\/\/pfadfinther.de\/v1\/wp-content\/uploads\/2023\/09\/Stammeslogo_bearbeitet.jpg","contentUrl":"https:\/\/pfadfinther.de\/v1\/wp-content\/uploads\/2023\/09\/Stammeslogo_bearbeitet.jpg","width":761,"height":747,"caption":"DPSG Mainz-Finthen - Pfadfinther"},"image":{"@id":"https:\/\/pfadfinther.de\/v1\/#\/schema\/logo\/image\/"},"sameAs":["https:\/\/www.instagram.com\/pfadfinther\/"]}]}},"_links":{"self":[{"href":"https:\/\/pfadfinther.de\/v1\/wp-json\/wp\/v2\/pages\/25","targetHints":{"allow":["GET"]}}],"collection":[{"href":"https:\/\/pfadfinther.de\/v1\/wp-json\/wp\/v2\/pages"}],"about":[{"href":"https:\/\/pfadfinther.de\/v1\/wp-json\/wp\/v2\/types\/page"}],"author":[{"embeddable":true,"href":"https:\/\/pfadfinther.de\/v1\/wp-json\/wp\/v2\/users\/1"}],"replies":[{"embeddable":true,"href":"https:\/\/pfadfinther.de\/v1\/wp-json\/wp\/v2\/comments?post=25"}],"version-history":[{"count":10,"href":"https:\/\/pfadfinther.de\/v1\/wp-json\/wp\/v2\/pages\/25\/revisions"}],"predecessor-version":[{"id":277,"href":"https:\/\/pfadfinther.de\/v1\/wp-json\/wp\/v2\/pages\/25\/revisions\/277"}],"wp:attachment":[{"href":"https:\/\/pfadfinther.de\/v1\/wp-json\/wp\/v2\/media?parent=25"}],"curies":[{"name":"wp","href":"https:\/\/api.w.org\/{rel}","templated":true}]}}