{"id":169,"date":"2023-09-30T18:49:42","date_gmt":"2023-09-30T16:49:42","guid":{"rendered":"https:\/\/pfadfinther.de\/v1\/?page_id=169"},"modified":"2024-01-10T20:47:23","modified_gmt":"2024-01-10T19:47:23","slug":"namenspatron","status":"publish","type":"page","link":"https:\/\/pfadfinther.de\/v1\/namenspatron\/","title":{"rendered":"Namenspatron"},"content":{"rendered":"\n<p><strong><mark style=\"background-color:rgba(0, 0, 0, 0)\" class=\"has-inline-color has-black-color\">Franz von Assisi<\/mark><\/strong><\/p>\n\n\n\n<p><\/p>\n\n\n\n<ul class=\"wp-block-list\">\n<li><strong>B\u00fcrgerlicher Name:<\/strong>&nbsp;Franciscus Assisiensis, geboren als Giovanni Battista<\/li>\n\n\n\n<li><strong>Lebensdaten:<\/strong>\u00a01181 bis 3. Oktober 1226<\/li>\n\n\n\n<li><strong>Gr\u00fcnder<\/strong> des Ordens der Franziskaner<\/li>\n\n\n\n<li>wird als <strong>Heiliger<\/strong> verehrt<\/li>\n<\/ul>\n\n\n\n<p><em>&#8222;Alle Gesch\u00f6pfe der Erde f\u00fchlen wie wir, alle Gesch\u00f6pfe streben nach Gl\u00fcck wie wir. Alle Gesch\u00f6pfe der Erde lieben, leiden und sterben wie wir, also sind sie uns gleich gestellte Werke des allm\u00e4chtigen Sch\u00f6pfers &#8211; unsere Br\u00fcder.&#8220;<\/em><\/p>\n\n\n\n<p><strong>Das Leben von Franz von Assisi<\/strong><\/p>\n\n\n\n<p>Franz wurde 1181 in Assisi, Italien, als Sohn reicher Tuchh\u00e4ndler geboren. Durch das Verm\u00f6gen seiner Eltern konnte er eine gute Ausbildung genie\u00dfen und lernte schon fr\u00fch Lesen, Schreiben und Rechnen.<\/p>\n\n\n\n<p>Auf dem Weg in einen Kriegszug erschien Gott ihm in einem Traum und sagte: &#8222;Kehre zur\u00fcck in die Heimat, denn ich will dein Gesicht in geistlicher Weise erf\u00fcllen&#8220;. Ab diesem Zeitpunkt \u00e4nderte sich das Leben von Franz von Assisi komplett \u2013 das war ungef\u00e4hr um 1204\/1205 \u2013 er zog sich immer mehr zur\u00fcck, widmete sich seinem Glauben und entwickelte eine gro\u00dfe N\u00e4he zu Gott.<\/p>\n\n\n\n<p>Obwohl seine Familie viel Geld besa\u00df, versuchte Franz von Assisi arm zu leben, wovon vor allem sein Vater sehr wenig hielt. Die beiden gerieten in einen Streit, der erst 1207 vor Gericht ein Ende fand: Franz verzichtete auf sein Erbe und jegliche Unterst\u00fctzung seines Vaters.<\/p>\n\n\n\n<p>Er wollte von nun an nach dem Vorbild Jesu Christi \u201esine glossa\u201c (aus dem Lateinischen \u00dcbersetzt \u201eohne Hinzuf\u00fcgen und Ver\u00e4nderungen\u201c) leben.<\/p>\n\n\n\n<p>Als seinen Vater bezeichnete er ab diesem Zeitpunkt nur noch Gott.<\/p>\n\n\n\n<p><\/p>\n\n\n\n<p><strong>Aber wie genau hat Franz von Assisi denn nun die Welt ver\u00e4ndert?<\/strong><\/p>\n\n\n\n<p>Franz lebte in freiwilliger Armut, erbettelte sich Nahrungsmittel und wohnte als so genannter Auss\u00e4tziger au\u00dferhalb der Stadtmauern. Er sah seinen Auftrag darin, seinen Glauben in die Welt zu tragen und konnte innerhalb weniger Zeit weitere Menschen von dieser Lebensweise \u00fcberzeugen. Diese kleideten sich wie er, in einfache Gew\u00e4nder, gingen barfu\u00df und lebten ohne Geld.<\/p>\n\n\n\n<p>1215 reisten sie zu zw\u00f6lft nach Rom, wo sie sich von Papst Innozenz III. eine Best\u00e4tigung und von Gott gegebene Erlaubnis f\u00fcr ihre Lebensweise einholten. Diese Zustimmung wird als Gr\u00fcndung des Ordens angesehen. Gemeinsam reisten die so genannten \u201eminderen Br\u00fcder\u201c umher und fanden immer mehr Menschen, die ihre Lebensweise teilen wollten, sodass der Orden schnell wuchs.<\/p>\n\n\n\n<p>Als Franz von Assisis Gesundheit begann sich immer mehr zu verschlechtern, war er gezwungen die Ordensleitung abzugeben. Er zog sich zur\u00fcck und lebte vom Orden abgewandt auf dem Berg La Verna.<\/p>\n\n\n\n<p>Im Herbst 1226 sp\u00fcrte er, dass sein Tod immer n\u00e4her r\u00fcckte und reiste ein letztes Mal in die Stadt zur Portiuncla-Kirche, in der er vor etlichen Jahren das erste Mal mit seinem Orden gepredigt hatte.<\/p>\n\n\n\n<p>Er verstarb am 3. Oktober 1226.<\/p>\n\n\n\n<p>Zwei Jahre nach seinem Tod wurde er von Papst Gregor IX. heiliggesprochen.<\/p>\n\n\n\n<p>Einige seiner Werke, darunter die Ordensregeln und Teile seines Testaments, blieben erhalten und gelten noch heute als Anleitung zum Leben vieler Anh\u00e4nger des r\u00f6misch-katholischen Glaubens.<\/p>\n\n\n\n<p>In vielen seiner Erz\u00e4hlungen und Predigten erw\u00e4hnte Franz von Assisi die Gleichheit von Mensch und Tier. Daher gilt er als der erste Tiersch\u00fctzer der Geschichte.<\/p>\n\n\n\n<p>An seinem Todestag wird er mit dem Franziskusfest geehrt und zugleich ist der 4. Oktober zum Welttierschutztag erkl\u00e4rt worden.<\/p>\n\n\n\n<p>1980 wurde Franz von Assisi durch Papst Johannes Paul II. zum Schutzherren von Umwelt und \u00d6kologie ernannt.<\/p>\n","protected":false},"excerpt":{"rendered":"<p>Franz von Assisi &#8222;Alle Gesch\u00f6pfe der Erde f\u00fchlen wie wir, alle Gesch\u00f6pfe streben nach Gl\u00fcck wie wir. Alle Gesch\u00f6pfe der Erde lieben, leiden und sterben wie wir, also sind sie uns gleich gestellte Werke des allm\u00e4chtigen Sch\u00f6pfers &#8211; unsere Br\u00fcder.&#8220; Das Leben von Franz von Assisi Franz wurde 1181 in Assisi, Italien, als Sohn reicher&#8230;<\/p>\n","protected":false},"author":1,"featured_media":0,"parent":0,"menu_order":0,"comment_status":"closed","ping_status":"closed","template":"","meta":{"footnotes":""},"class_list":["post-169","page","type-page","status-publish","hentry"],"yoast_head":"<!-- This site is optimized with the Yoast SEO plugin v27.5 - https:\/\/yoast.com\/product\/yoast-seo-wordpress\/ -->\n<title>Namenspatron - DPSG Mainz-Finthen<\/title>\n<meta name=\"robots\" content=\"index, follow, max-snippet:-1, max-image-preview:large, max-video-preview:-1\" \/>\n<link rel=\"canonical\" href=\"https:\/\/pfadfinther.de\/v1\/namenspatron\/\" \/>\n<meta property=\"og:locale\" content=\"de_DE\" \/>\n<meta property=\"og:type\" content=\"article\" \/>\n<meta property=\"og:title\" content=\"Namenspatron - DPSG Mainz-Finthen\" \/>\n<meta property=\"og:description\" content=\"Franz von Assisi &#8222;Alle Gesch\u00f6pfe der Erde f\u00fchlen wie wir, alle Gesch\u00f6pfe streben nach Gl\u00fcck wie wir. Alle Gesch\u00f6pfe der Erde lieben, leiden und sterben wie wir, also sind sie uns gleich gestellte Werke des allm\u00e4chtigen Sch\u00f6pfers &#8211; unsere Br\u00fcder.&#8220; Das Leben von Franz von Assisi Franz wurde 1181 in Assisi, Italien, als Sohn reicher...\" \/>\n<meta property=\"og:url\" content=\"https:\/\/pfadfinther.de\/v1\/namenspatron\/\" \/>\n<meta property=\"og:site_name\" content=\"DPSG Mainz-Finthen\" \/>\n<meta property=\"article:modified_time\" content=\"2024-01-10T19:47:23+00:00\" \/>\n<meta name=\"twitter:card\" content=\"summary_large_image\" \/>\n<meta name=\"twitter:label1\" content=\"Gesch\u00e4tzte Lesezeit\" \/>\n\t<meta name=\"twitter:data1\" content=\"3\u00a0Minuten\" \/>\n<script type=\"application\/ld+json\" class=\"yoast-schema-graph\">{\"@context\":\"https:\\\/\\\/schema.org\",\"@graph\":[{\"@type\":\"WebPage\",\"@id\":\"https:\\\/\\\/pfadfinther.de\\\/v1\\\/namenspatron\\\/\",\"url\":\"https:\\\/\\\/pfadfinther.de\\\/v1\\\/namenspatron\\\/\",\"name\":\"Namenspatron - DPSG Mainz-Finthen\",\"isPartOf\":{\"@id\":\"https:\\\/\\\/pfadfinther.de\\\/v1\\\/#website\"},\"datePublished\":\"2023-09-30T16:49:42+00:00\",\"dateModified\":\"2024-01-10T19:47:23+00:00\",\"breadcrumb\":{\"@id\":\"https:\\\/\\\/pfadfinther.de\\\/v1\\\/namenspatron\\\/#breadcrumb\"},\"inLanguage\":\"de\",\"potentialAction\":[{\"@type\":\"ReadAction\",\"target\":[\"https:\\\/\\\/pfadfinther.de\\\/v1\\\/namenspatron\\\/\"]}]},{\"@type\":\"BreadcrumbList\",\"@id\":\"https:\\\/\\\/pfadfinther.de\\\/v1\\\/namenspatron\\\/#breadcrumb\",\"itemListElement\":[{\"@type\":\"ListItem\",\"position\":1,\"name\":\"Startseite\",\"item\":\"https:\\\/\\\/pfadfinther.de\\\/v1\\\/\"},{\"@type\":\"ListItem\",\"position\":2,\"name\":\"Namenspatron\"}]},{\"@type\":\"WebSite\",\"@id\":\"https:\\\/\\\/pfadfinther.de\\\/v1\\\/#website\",\"url\":\"https:\\\/\\\/pfadfinther.de\\\/v1\\\/\",\"name\":\"DPSG Mainz-Finthen\",\"description\":\"Pfadfinder Finthen Stamm Bruder Franz\",\"publisher\":{\"@id\":\"https:\\\/\\\/pfadfinther.de\\\/v1\\\/#organization\"},\"potentialAction\":[{\"@type\":\"SearchAction\",\"target\":{\"@type\":\"EntryPoint\",\"urlTemplate\":\"https:\\\/\\\/pfadfinther.de\\\/v1\\\/?s={search_term_string}\"},\"query-input\":{\"@type\":\"PropertyValueSpecification\",\"valueRequired\":true,\"valueName\":\"search_term_string\"}}],\"inLanguage\":\"de\"},{\"@type\":\"Organization\",\"@id\":\"https:\\\/\\\/pfadfinther.de\\\/v1\\\/#organization\",\"name\":\"DPSG Mainz-Finthen - Pfadfinther\",\"alternateName\":\"Pfadfinder Finthen Stamm Bruder Franz\",\"url\":\"https:\\\/\\\/pfadfinther.de\\\/v1\\\/\",\"logo\":{\"@type\":\"ImageObject\",\"inLanguage\":\"de\",\"@id\":\"https:\\\/\\\/pfadfinther.de\\\/v1\\\/#\\\/schema\\\/logo\\\/image\\\/\",\"url\":\"https:\\\/\\\/pfadfinther.de\\\/v1\\\/wp-content\\\/uploads\\\/2023\\\/09\\\/Stammeslogo_bearbeitet.jpg\",\"contentUrl\":\"https:\\\/\\\/pfadfinther.de\\\/v1\\\/wp-content\\\/uploads\\\/2023\\\/09\\\/Stammeslogo_bearbeitet.jpg\",\"width\":761,\"height\":747,\"caption\":\"DPSG Mainz-Finthen - Pfadfinther\"},\"image\":{\"@id\":\"https:\\\/\\\/pfadfinther.de\\\/v1\\\/#\\\/schema\\\/logo\\\/image\\\/\"},\"sameAs\":[\"https:\\\/\\\/www.instagram.com\\\/pfadfinther\\\/\"]}]}<\/script>\n<!-- \/ Yoast SEO plugin. -->","yoast_head_json":{"title":"Namenspatron - DPSG Mainz-Finthen","robots":{"index":"index","follow":"follow","max-snippet":"max-snippet:-1","max-image-preview":"max-image-preview:large","max-video-preview":"max-video-preview:-1"},"canonical":"https:\/\/pfadfinther.de\/v1\/namenspatron\/","og_locale":"de_DE","og_type":"article","og_title":"Namenspatron - DPSG Mainz-Finthen","og_description":"Franz von Assisi &#8222;Alle Gesch\u00f6pfe der Erde f\u00fchlen wie wir, alle Gesch\u00f6pfe streben nach Gl\u00fcck wie wir. Alle Gesch\u00f6pfe der Erde lieben, leiden und sterben wie wir, also sind sie uns gleich gestellte Werke des allm\u00e4chtigen Sch\u00f6pfers &#8211; unsere Br\u00fcder.&#8220; Das Leben von Franz von Assisi Franz wurde 1181 in Assisi, Italien, als Sohn reicher...","og_url":"https:\/\/pfadfinther.de\/v1\/namenspatron\/","og_site_name":"DPSG Mainz-Finthen","article_modified_time":"2024-01-10T19:47:23+00:00","twitter_card":"summary_large_image","twitter_misc":{"Gesch\u00e4tzte Lesezeit":"3\u00a0Minuten"},"schema":{"@context":"https:\/\/schema.org","@graph":[{"@type":"WebPage","@id":"https:\/\/pfadfinther.de\/v1\/namenspatron\/","url":"https:\/\/pfadfinther.de\/v1\/namenspatron\/","name":"Namenspatron - DPSG Mainz-Finthen","isPartOf":{"@id":"https:\/\/pfadfinther.de\/v1\/#website"},"datePublished":"2023-09-30T16:49:42+00:00","dateModified":"2024-01-10T19:47:23+00:00","breadcrumb":{"@id":"https:\/\/pfadfinther.de\/v1\/namenspatron\/#breadcrumb"},"inLanguage":"de","potentialAction":[{"@type":"ReadAction","target":["https:\/\/pfadfinther.de\/v1\/namenspatron\/"]}]},{"@type":"BreadcrumbList","@id":"https:\/\/pfadfinther.de\/v1\/namenspatron\/#breadcrumb","itemListElement":[{"@type":"ListItem","position":1,"name":"Startseite","item":"https:\/\/pfadfinther.de\/v1\/"},{"@type":"ListItem","position":2,"name":"Namenspatron"}]},{"@type":"WebSite","@id":"https:\/\/pfadfinther.de\/v1\/#website","url":"https:\/\/pfadfinther.de\/v1\/","name":"DPSG Mainz-Finthen","description":"Pfadfinder Finthen Stamm Bruder Franz","publisher":{"@id":"https:\/\/pfadfinther.de\/v1\/#organization"},"potentialAction":[{"@type":"SearchAction","target":{"@type":"EntryPoint","urlTemplate":"https:\/\/pfadfinther.de\/v1\/?s={search_term_string}"},"query-input":{"@type":"PropertyValueSpecification","valueRequired":true,"valueName":"search_term_string"}}],"inLanguage":"de"},{"@type":"Organization","@id":"https:\/\/pfadfinther.de\/v1\/#organization","name":"DPSG Mainz-Finthen - Pfadfinther","alternateName":"Pfadfinder Finthen Stamm Bruder Franz","url":"https:\/\/pfadfinther.de\/v1\/","logo":{"@type":"ImageObject","inLanguage":"de","@id":"https:\/\/pfadfinther.de\/v1\/#\/schema\/logo\/image\/","url":"https:\/\/pfadfinther.de\/v1\/wp-content\/uploads\/2023\/09\/Stammeslogo_bearbeitet.jpg","contentUrl":"https:\/\/pfadfinther.de\/v1\/wp-content\/uploads\/2023\/09\/Stammeslogo_bearbeitet.jpg","width":761,"height":747,"caption":"DPSG Mainz-Finthen - Pfadfinther"},"image":{"@id":"https:\/\/pfadfinther.de\/v1\/#\/schema\/logo\/image\/"},"sameAs":["https:\/\/www.instagram.com\/pfadfinther\/"]}]}},"_links":{"self":[{"href":"https:\/\/pfadfinther.de\/v1\/wp-json\/wp\/v2\/pages\/169","targetHints":{"allow":["GET"]}}],"collection":[{"href":"https:\/\/pfadfinther.de\/v1\/wp-json\/wp\/v2\/pages"}],"about":[{"href":"https:\/\/pfadfinther.de\/v1\/wp-json\/wp\/v2\/types\/page"}],"author":[{"embeddable":true,"href":"https:\/\/pfadfinther.de\/v1\/wp-json\/wp\/v2\/users\/1"}],"replies":[{"embeddable":true,"href":"https:\/\/pfadfinther.de\/v1\/wp-json\/wp\/v2\/comments?post=169"}],"version-history":[{"count":4,"href":"https:\/\/pfadfinther.de\/v1\/wp-json\/wp\/v2\/pages\/169\/revisions"}],"predecessor-version":[{"id":228,"href":"https:\/\/pfadfinther.de\/v1\/wp-json\/wp\/v2\/pages\/169\/revisions\/228"}],"wp:attachment":[{"href":"https:\/\/pfadfinther.de\/v1\/wp-json\/wp\/v2\/media?parent=169"}],"curies":[{"name":"wp","href":"https:\/\/api.w.org\/{rel}","templated":true}]}}